{"id":1457,"date":"2023-09-25T08:14:42","date_gmt":"2023-09-25T06:14:42","guid":{"rendered":"https:\/\/www.sp-kiwity.pl\/?page_id=1457"},"modified":"2025-09-23T12:07:27","modified_gmt":"2025-09-23T10:07:27","slug":"program-dla-szkol","status":"publish","type":"page","link":"https:\/\/www.sp-kiwity.pl\/?page_id=1457","title":{"rendered":"Program dla szk\u00f3\u0142"},"content":{"rendered":"\n<p><br>1.<a href=\"https:\/\/www.sp-kiwity.pl\/wp-content\/uploads\/2025\/09\/Warunki-udzialu-w-Programie-dla-szkol-w-roku-szkolnym-2025-2026-1.pdf\" target=\"_blank\" rel=\"noreferrer noopener\">Warunki udzia\u0142u w Programie dla szk\u00f3\u0142 w roku szkolnym 2025-2026.<\/a><\/p>\n\n\n\n<p>2. <a href=\"https:\/\/www.sp-kiwity.pl\/wp-content\/uploads\/2025\/09\/Zalacznik-XI_-_-Oswiadczenie-rodzica-opiekuna_zdalne_2022-2023.pdf\">O\u015bwiadczenie rodzica \/ opiekuna prawnego dziecka ucz\u0105cego si\u0119 w systemie zdalnym.<\/a><\/p>\n\n\n\n<p><\/p>\n","protected":false},"excerpt":{"rendered":"<p>1.Warunki udzia\u0142u w Programie dla szk\u00f3\u0142 w roku szkolnym 2025-2026. 2. O\u015bwiadczenie rodzica \/ opiekuna prawnego dziecka ucz\u0105cego si\u0119 w<\/p>\n","protected":false},"author":3,"featured_media":0,"parent":0,"menu_order":0,"comment_status":"closed","ping_status":"closed","template":"","meta":{"footnotes":""},"class_list":["post-1457","page","type-page","status-publish","hentry","comments-off"],"_links":{"self":[{"href":"https:\/\/www.sp-kiwity.pl\/index.php?rest_route=\/wp\/v2\/pages\/1457","targetHints":{"allow":["GET"]}}],"collection":[{"href":"https:\/\/www.sp-kiwity.pl\/index.php?rest_route=\/wp\/v2\/pages"}],"about":[{"href":"https:\/\/www.sp-kiwity.pl\/index.php?rest_route=\/wp\/v2\/types\/page"}],"author":[{"embeddable":true,"href":"https:\/\/www.sp-kiwity.pl\/index.php?rest_route=\/wp\/v2\/users\/3"}],"replies":[{"embeddable":true,"href":"https:\/\/www.sp-kiwity.pl\/index.php?rest_route=%2Fwp%2Fv2%2Fcomments&post=1457"}],"version-history":[{"count":7,"href":"https:\/\/www.sp-kiwity.pl\/index.php?rest_route=\/wp\/v2\/pages\/1457\/revisions"}],"predecessor-version":[{"id":2925,"href":"https:\/\/www.sp-kiwity.pl\/index.php?rest_route=\/wp\/v2\/pages\/1457\/revisions\/2925"}],"wp:attachment":[{"href":"https:\/\/www.sp-kiwity.pl\/index.php?rest_route=%2Fwp%2Fv2%2Fmedia&parent=1457"}],"curies":[{"name":"wp","href":"https:\/\/api.w.org\/{rel}","templated":true}]}}