{"id":1773,"date":"2024-03-05T08:13:31","date_gmt":"2024-03-05T07:13:31","guid":{"rendered":"https:\/\/www.sp-kiwity.pl\/?page_id=1773"},"modified":"2025-02-06T10:50:37","modified_gmt":"2025-02-06T09:50:37","slug":"rekrutacja-2","status":"publish","type":"page","link":"https:\/\/www.sp-kiwity.pl\/?page_id=1773","title":{"rendered":"Rekrutacja"},"content":{"rendered":"\n<ol class=\"wp-block-list\">\n<li><a href=\"https:\/\/www.sp-kiwity.pl\/wp-content\/uploads\/2024\/03\/WNIOSEK-Zgloszenie-do-szkoly-wzor-druku.pdf\" target=\"_blank\" rel=\"noreferrer noopener\">Wniosek o przyj\u0119cie do szko\u0142y<\/a><\/li>\n\n\n\n<li><a rel=\"noreferrer noopener\" href=\"https:\/\/www.sp-kiwity.pl\/wp-content\/uploads\/2022\/11\/Regulamin-Rekrutacji-do-oddzialow-przedszkolnych-na-rok-szkolny-2022-2023-l1omo1ml.pdf\" target=\"_blank\">Regulamin rekrutacji<\/a><\/li>\n\n\n\n<li><a href=\"https:\/\/www.sp-kiwity.pl\/wp-content\/uploads\/2025\/02\/Zalacznik-nr-1-Harmonogram-rekrutacji.pdf\" target=\"_blank\" rel=\"noreferrer noopener\">Harmonogram rekrutacji<\/a><\/li>\n\n\n\n<li><a href=\"https:\/\/www.sp-kiwity.pl\/wp-content\/uploads\/2025\/02\/Zalacznik-nr-3-Wniosek-o-przyjecie-do-OP.pdf\" target=\"_blank\" rel=\"noreferrer noopener\">Wniosek o przyj\u0119cie dziecka do oddzia\u0142\u00f3w przedszkolnych<\/a><\/li>\n\n\n\n<li><a href=\"https:\/\/www.sp-kiwity.pl\/wp-content\/uploads\/2024\/03\/Zalacznik-nr-2-Wniosek-o-kontynuacje.pdf\" target=\"_blank\" rel=\"noreferrer noopener\">Wniosek o kontynuacje<\/a><\/li>\n\n\n\n<li><a href=\"https:\/\/www.sp-kiwity.pl\/wp-content\/uploads\/2025\/02\/zarzadzenie25.pdf\" target=\"_blank\" rel=\"noreferrer noopener\">Zarz\u0105dzenie W\u00f3jta<\/a><\/li>\n<\/ol>\n\n\n\n<p><\/p>\n","protected":false},"excerpt":{"rendered":"","protected":false},"author":3,"featured_media":0,"parent":0,"menu_order":0,"comment_status":"closed","ping_status":"closed","template":"","meta":{"footnotes":""},"class_list":["post-1773","page","type-page","status-publish","hentry","comments-off"],"_links":{"self":[{"href":"https:\/\/www.sp-kiwity.pl\/index.php?rest_route=\/wp\/v2\/pages\/1773","targetHints":{"allow":["GET"]}}],"collection":[{"href":"https:\/\/www.sp-kiwity.pl\/index.php?rest_route=\/wp\/v2\/pages"}],"about":[{"href":"https:\/\/www.sp-kiwity.pl\/index.php?rest_route=\/wp\/v2\/types\/page"}],"author":[{"embeddable":true,"href":"https:\/\/www.sp-kiwity.pl\/index.php?rest_route=\/wp\/v2\/users\/3"}],"replies":[{"embeddable":true,"href":"https:\/\/www.sp-kiwity.pl\/index.php?rest_route=%2Fwp%2Fv2%2Fcomments&post=1773"}],"version-history":[{"count":3,"href":"https:\/\/www.sp-kiwity.pl\/index.php?rest_route=\/wp\/v2\/pages\/1773\/revisions"}],"predecessor-version":[{"id":2589,"href":"https:\/\/www.sp-kiwity.pl\/index.php?rest_route=\/wp\/v2\/pages\/1773\/revisions\/2589"}],"wp:attachment":[{"href":"https:\/\/www.sp-kiwity.pl\/index.php?rest_route=%2Fwp%2Fv2%2Fmedia&parent=1773"}],"curies":[{"name":"wp","href":"https:\/\/api.w.org\/{rel}","templated":true}]}}