{"id":18,"date":"2022-09-27T08:22:46","date_gmt":"2022-09-27T06:22:46","guid":{"rendered":"http:\/\/localhost\/wordpress\/?page_id=18"},"modified":"2025-01-02T08:39:15","modified_gmt":"2025-01-02T07:39:15","slug":"dokumenty","status":"publish","type":"page","link":"https:\/\/www.sp-kiwity.pl\/?page_id=18","title":{"rendered":"Wnioski"},"content":{"rendered":"\n<p><a rel=\"noreferrer noopener\" href=\"https:\/\/www.sp-kiwity.pl\/wp-content\/uploads\/2022\/11\/Wzor-wniosku-o-urlop-wypoczynkowy.pdf\" target=\"_blank\">Wz\u00f3r wniosku o urlop wypoczynkowy.<\/a><\/p>\n\n\n\n<p><a href=\"https:\/\/www.sp-kiwity.pl\/wp-content\/uploads\/2023\/03\/Wniosek-o-dni-wolne-na-opieke-nad-dzieckiem-1.pdf\" target=\"_blank\" rel=\"noreferrer noopener\">Wz\u00f3r wniosku o dni wolne na opiek\u0119 nad dzieckiem<\/a><\/p>\n\n\n\n<p><a href=\"https:\/\/www.sp-kiwity.pl\/wp-content\/uploads\/2025\/01\/wniosek-sila-wyzsza.pdf\" data-type=\"URL\" data-id=\"https:\/\/www.sp-kiwity.pl\/wp-content\/uploads\/2023\/05\/Wniosek-o-wykonywanie-okazjonalnej-pracy-zdalnej.pdf\" target=\"_blank\" rel=\"noreferrer noopener\">Wz\u00f3r wniosku o zwolnienie od pracy z powodu dzia\u0142ania si\u0142y wy\u017cszej<\/a><\/p>\n\n\n\n<p><a href=\"https:\/\/www.sp-kiwity.pl\/wp-content\/uploads\/2023\/05\/Wniosek-o-wykonywanie-okazjonalnej-pracy-zdalnej.pdf\" data-type=\"URL\" data-id=\"https:\/\/www.sp-kiwity.pl\/wp-content\/uploads\/2023\/05\/Wniosek-o-wykonywanie-okazjonalnej-pracy-zdalnej.pdf\" target=\"_blank\" rel=\"noreferrer noopener\">Wz\u00f3r wniosku o wykonywanie okazjonalnej pracy zdalnej<\/a><\/p>\n","protected":false},"excerpt":{"rendered":"<p>Wz\u00f3r wniosku o urlop wypoczynkowy. Wz\u00f3r wniosku o dni wolne na opiek\u0119 nad dzieckiem Wz\u00f3r wniosku o zwolnienie od pracy<\/p>\n","protected":false},"author":3,"featured_media":0,"parent":0,"menu_order":0,"comment_status":"closed","ping_status":"closed","template":"","meta":{"footnotes":""},"class_list":["post-18","page","type-page","status-publish","hentry","comments-off"],"_links":{"self":[{"href":"https:\/\/www.sp-kiwity.pl\/index.php?rest_route=\/wp\/v2\/pages\/18","targetHints":{"allow":["GET"]}}],"collection":[{"href":"https:\/\/www.sp-kiwity.pl\/index.php?rest_route=\/wp\/v2\/pages"}],"about":[{"href":"https:\/\/www.sp-kiwity.pl\/index.php?rest_route=\/wp\/v2\/types\/page"}],"author":[{"embeddable":true,"href":"https:\/\/www.sp-kiwity.pl\/index.php?rest_route=\/wp\/v2\/users\/3"}],"replies":[{"embeddable":true,"href":"https:\/\/www.sp-kiwity.pl\/index.php?rest_route=%2Fwp%2Fv2%2Fcomments&post=18"}],"version-history":[{"count":9,"href":"https:\/\/www.sp-kiwity.pl\/index.php?rest_route=\/wp\/v2\/pages\/18\/revisions"}],"predecessor-version":[{"id":2490,"href":"https:\/\/www.sp-kiwity.pl\/index.php?rest_route=\/wp\/v2\/pages\/18\/revisions\/2490"}],"wp:attachment":[{"href":"https:\/\/www.sp-kiwity.pl\/index.php?rest_route=%2Fwp%2Fv2%2Fmedia&parent=18"}],"curies":[{"name":"wp","href":"https:\/\/api.w.org\/{rel}","templated":true}]}}