{"id":192,"date":"2022-10-04T13:54:16","date_gmt":"2022-10-04T11:54:16","guid":{"rendered":"http:\/\/localhost\/wordpress\/?page_id=192"},"modified":"2022-10-04T13:54:16","modified_gmt":"2022-10-04T11:54:16","slug":"klauzula-informacyjna-monitoring-wizyjny","status":"publish","type":"page","link":"https:\/\/www.sp-kiwity.pl\/?page_id=192","title":{"rendered":"Klauzula informacyjna &#8211; monitoring wizyjny"},"content":{"rendered":"\n<p class=\"has-text-align-center\"><strong>KLAUZULA INFORMACYJNA ZBIORU DANYCH OSOBOWYCH<\/strong><\/p>\n\n\n\n<p class=\"has-text-align-center\">\u201eMonitoring wizyjny Szko\u0142y Podstawowej w Kiwitach\u201d<\/p>\n\n\n\n<p><em>Zgodnie z art. 13 ust. 1 i 2 rozporz\u0105dzenia Parlamentu Europejskiego i Rady (UE) 2016\/679 z 27 kwietnia 2016 r. w sprawie ochrony os\u00f3b fizycznych w zwi\u0105zku z przetwarzaniem danych osobowych i w sprawie swobodnego przep\u0142ywu takich danych oraz uchylenia dyrektywy 95\/46\/WE (og\u00f3lne rozporz\u0105dzenie o ochronie danych) (Dz. Urz. UE L 119, s. 1) informuj\u0119, i\u017c:<\/em><\/p>\n\n\n\n<ol class=\"wp-block-list\"><li>Administratorem danych osobowych zawartych w zbiorze \u201eMonitoring wizyjny\u201d jest Szko\u0142a Podstawowa Szko\u0142a Podstawowa w Kiwitach z siedzib\u0105 w Kiwitach 63a, 11-106 Kiwity.<\/li><li>Inspektorem Ochrony Danych w Szkole Podstawowej w Kiwitach jest Maciej \u017bo\u0142nowski, kontakt: inspektor@cbi24.pl<\/li><li>Dane osobowe przetwarzane b\u0119d\u0105 w celu zapewnienia bezpiecze\u0144stwa i porz\u0105dku publicznego oraz ochrony os\u00f3b i mienia Szko\u0142y Podstawowej w Kiwitach.<\/li><li>Monitoring wizyjny obejmuje swoim zasi\u0119giem: teren szkolny przed wej\u015bciem g\u0142\u00f3wnym do budynku, korytarze budynku.<\/li><li>O stosowanym monitoringu wizyjnym informuj\u0105 tak\u017ce umieszczone na terenie plac\u00f3wki znaki graficzne (piktogramy).<\/li><li>Odbiorc\u0105 danych osobowych b\u0119d\u0105 wy\u0142\u0105cznie podmioty uprawnione do ich otrzymania na podstawie przepis\u00f3w obowi\u0105zuj\u0105cego prawa.<\/li><li>Dane osobowe nie b\u0119d\u0105 przekazywane do pa\u0144stw trzecich.<\/li><li>Dane osobowe z monitoringu przechowywane s\u0105 przez okres 30 dni od dnia zarejestrowania. Po up\u0142ywie tego terminu dane s\u0105 automatycznie usuwane.<\/li><li>Osoba, kt\u00f3rej dane dotycz\u0105 (lub jego opiekun prawny), ma prawo dost\u0119pu do tre\u015bci swoich danych oraz prawo sprostowania, usuni\u0119cia (chyba, \u017ce przetwarzanie danych jest niezb\u0119dne do wywi\u0105zania si\u0119 z prawnego obowi\u0105zku ci\u0105\u017c\u0105cego na Administratorze danych), ograniczenia przetwarzania, prawo do przenoszenia danych, prawo wniesienia sprzeciwu, prawo do cofni\u0119cia zgody w dowolnym momencie bez wp\u0142ywu na zgodno\u015b\u0107 z prawem przetwarzania, kt\u00f3rego dokonano na podstawie zgody przed jej cofni\u0119ciem.<\/li><li>Osoba, kt\u00f3rej dane dotycz\u0105 (lub jego opiekun prawny), ma prawo wniesienia skargi do Urz\u0119du Ochrony Danych Osobowych w przypadku uznania, i\u017c przetwarzanie tych danych osobowych narusza przepisy og\u00f3lnego rozporz\u0105dzenia o ochronie danych osobowych z dnia 27 kwietnia 2016 r.<\/li><\/ol>\n","protected":false},"excerpt":{"rendered":"<p>KLAUZULA INFORMACYJNA ZBIORU DANYCH OSOBOWYCH \u201eMonitoring wizyjny Szko\u0142y Podstawowej w Kiwitach\u201d Zgodnie z art. 13 ust. 1 i 2 rozporz\u0105dzenia<\/p>\n","protected":false},"author":3,"featured_media":0,"parent":0,"menu_order":0,"comment_status":"closed","ping_status":"closed","template":"","meta":{"footnotes":""},"class_list":["post-192","page","type-page","status-publish","hentry","comments-off"],"_links":{"self":[{"href":"https:\/\/www.sp-kiwity.pl\/index.php?rest_route=\/wp\/v2\/pages\/192","targetHints":{"allow":["GET"]}}],"collection":[{"href":"https:\/\/www.sp-kiwity.pl\/index.php?rest_route=\/wp\/v2\/pages"}],"about":[{"href":"https:\/\/www.sp-kiwity.pl\/index.php?rest_route=\/wp\/v2\/types\/page"}],"author":[{"embeddable":true,"href":"https:\/\/www.sp-kiwity.pl\/index.php?rest_route=\/wp\/v2\/users\/3"}],"replies":[{"embeddable":true,"href":"https:\/\/www.sp-kiwity.pl\/index.php?rest_route=%2Fwp%2Fv2%2Fcomments&post=192"}],"version-history":[{"count":1,"href":"https:\/\/www.sp-kiwity.pl\/index.php?rest_route=\/wp\/v2\/pages\/192\/revisions"}],"predecessor-version":[{"id":193,"href":"https:\/\/www.sp-kiwity.pl\/index.php?rest_route=\/wp\/v2\/pages\/192\/revisions\/193"}],"wp:attachment":[{"href":"https:\/\/www.sp-kiwity.pl\/index.php?rest_route=%2Fwp%2Fv2%2Fmedia&parent=192"}],"curies":[{"name":"wp","href":"https:\/\/api.w.org\/{rel}","templated":true}]}}