{"id":194,"date":"2022-10-04T13:57:21","date_gmt":"2022-10-04T11:57:21","guid":{"rendered":"http:\/\/localhost\/wordpress\/?page_id=194"},"modified":"2025-09-09T20:21:28","modified_gmt":"2025-09-09T18:21:28","slug":"klauzula-informacyjna","status":"publish","type":"page","link":"https:\/\/www.sp-kiwity.pl\/?page_id=194","title":{"rendered":"Klauzula Informacyjna &#8211; RODO"},"content":{"rendered":"\n<p><a><\/a><strong><em>Za\u0142\u0105cznik &nbsp;nr 3 do Polityki ochrony danych osobowych<\/em><\/strong><\/p>\n\n\n\n<p><strong><em>Wz\u00f3r og\u00f3lnej klauzuli informacyjnej z art. 13 ust. 1 i 2<\/em><\/strong><strong><em><\/em><\/strong><\/p>\n\n\n\n<p><strong><em>(obowi\u0105zek inf. wymaga ka\u017cdorazowego dostosowania dla konkretnego celu &nbsp;przetwarzania danych)<\/em><\/strong><\/p>\n\n\n\n<p><strong>OBOWI\u0104ZEK INFORMACYJNY<\/strong><\/p>\n\n\n\n<p>Na podstawie art. 13 ust. 1 i 2 Rozporz\u0105dzenia Parlamentu Europejskiego i Rady (UE) 2016\/679 z 27 kwietnia 2016 r. w sprawie ochrony os\u00f3b fizycznych w zwi\u0105zku z przetwarzaniem danych osobowych i w sprawie swobodnego przep\u0142ywu takich danych oraz uchylenia dyrektywy 95\/46\/WE (Dz.U.UE.L. z 2016r. Nr 119, s.1 ze zm.) &#8211; dalej: \u201eRODO\u201d informuj\u0119, \u017ce:<\/p>\n\n\n\n<ol class=\"wp-block-list\">\n<li class=\"has-black-color has-text-color has-link-color wp-elements-bc67b83d5f269dc5fb6a650e947c0fb9\"><a>Administratorem Pa\u0144stwa danych jest <strong>Szko\u0142a Podstawowa im. Olimpijczyk\u00f3w Polskich w Kiwitach (adres: Kiwity 63, 11-106 Kiwity, adres e-mail: szkola@sp-kiwity.pl numer telefonu: 89\u00a0766 0979).<\/strong><\/a>\n<ol class=\"wp-block-list\">\n<li>Administrator wyznaczy\u0142 Inspektora Ochrony Danych, z kt\u00f3rym mog\u0105 si\u0119 Pa\u0144stwo kontaktowa\u0107 we wszystkich sprawach dotycz\u0105cych przetwarzania danych osobowych za\u00a0po\u015brednictwem adresu e-mail: <strong>inspektor@cbi24.pl<\/strong> lub pisemnie pod adres Administratora.<\/li>\n<\/ol>\n<\/li>\n<\/ol>\n\n\n\n<p>3)&nbsp;&nbsp;&nbsp;&nbsp;&nbsp; Pa\u0144stwa dane osobowe b\u0119d\u0105 przetwarzane w celu rekrutacji do <strong>szko\u0142y\/przedszkola, &nbsp;<\/strong><\/p>\n\n\n\n<p><strong>&nbsp;&nbsp;&nbsp;&nbsp;&nbsp;&nbsp;&nbsp;&nbsp;&nbsp; prowadzenie dokumentacji szkolnej, wydania legitymacji szkolnej, dow\u00f3z uczni\u00f3w<\/strong><\/p>\n\n\n\n<p>&nbsp;&nbsp;&nbsp;&nbsp;&nbsp;&nbsp;&nbsp;&nbsp; tj.&nbsp;gdy\u017c jest to niezb\u0119dne do wype\u0142nienia obowi\u0105zku prawnego ci\u0105\u017c\u0105cego &nbsp;&nbsp;&nbsp;&nbsp;&nbsp;&nbsp;&nbsp;&nbsp;&nbsp;&nbsp;&nbsp;&nbsp;<\/p>\n\n\n\n<p>&nbsp;&nbsp;&nbsp;&nbsp;&nbsp;&nbsp;&nbsp;&nbsp; na&nbsp;Administratorze (art. 6 ust. 1 lit. c RODO) w zw. z ustaw\u0105 z dnia <strong><\/strong><\/p>\n\n\n\n<ul class=\"wp-block-list\">\n<li><strong>Rekrutacja do szko\u0142y:<\/strong><br>\u201ePa\u0144stwa dane osobowe b\u0119d\u0105 przetwarzane w celu przeprowadzenia post\u0119powania rekrutacyjnego, zgodnie z art. 150 ustawy z dnia 14 grudnia 2016 r. \u2013 Prawo o\u015bwiatowe (Dz.U. z 2024 r. poz. 737 t.j.) w zw. z art. 6 ust. 1 lit. c RODO.\u201d<\/li>\n\n\n\n<li><strong>Prowadzenie dokumentacji szkolnej (dziennik, arkusze ocen):<\/strong><br>\u201ePa\u0144stwa dane osobowe b\u0119d\u0105 przetwarzane w celu prowadzenia dokumentacji przebiegu nauczania, na podstawie art. 47 ustawy z dnia 14 grudnia 2016 r. \u2013 Prawo o\u015bwiatowe, w zw. z art. 6 ust. 1 lit. c RODO.\u201d<\/li>\n\n\n\n<li><strong>Wydanie legitymacji szkolnej:<\/strong><br>\u201ePa\u0144stwa dane osobowe b\u0119d\u0105 przetwarzane w celu wydania legitymacji szkolnej, zgodnie z art. 11 ust. 1 ustawy Prawo o\u015bwiatowe oraz rozporz\u0105dzeniem Ministra Edukacji i Nauki z dnia 18 stycznia 2017 r. w sprawie \u015bwiadectw, dyplom\u00f3w pa\u0144stwowych i innych druk\u00f3w, w zw. z art. 6 ust. 1 lit. c RODO.\u201d<\/li>\n\n\n\n<li><strong>Obowi\u0105zkowy dow\u00f3z uczni\u00f3w:<\/strong><br>\u201ePa\u0144stwa dane osobowe b\u0119d\u0105 przetwarzane w celu organizacji dowozu uczni\u00f3w, na podstawie art. 39 ust. 3 ustawy Prawo o\u015bwiatowe, w zw. z art. 6 ust. 1 lit. c RODO.\u201d<\/li>\n<\/ul>\n\n\n\n<p>4) Pa\u0144stwa dane osobowe b\u0119d\u0105 przetwarzane przez okres niezb\u0119dny do realizacji ww. celu z &nbsp;<\/p>\n\n\n\n<p>uwzgl\u0119dnieniem okres\u00f3w przechowywania okre\u015blonych w przepisach szczeg\u00f3lnych,<br>w tym przepis\u00f3w archiwalnych tj. <strong>10<\/strong> lat.<\/p>\n\n\n\n<p>5) Pa\u0144stwa dane osobowe b\u0119d\u0105 przetwarzane w spos\u00f3b zautomatyzowany, lecz nie b\u0119d\u0105 podlega\u0142y zautomatyzowanemu podejmowaniu decyzji, w tym o profilowaniu.<\/p>\n\n\n\n<p>6) Pa\u0144stwa dane osobowe b\u0119d\u0105 przekazywane poza Europejski Obszar Gospodarczy (EOG) w zwi\u0105zku z korzystaniem przez szko\u0142\u0119 z us\u0142ug dostawc\u00f3w zewn\u0119trznych:<\/p>\n\n\n\n<ol class=\"wp-block-list\">\n<li><strong>Meta Platforms Ireland Ltd. (Facebook)<\/strong> \u2013 dane opublikowane na oficjalnym profilu szko\u0142y w portalu spo\u0142eczno\u015bciowym Facebook mog\u0105 by\u0107 przekazywane do pa\u0144stw trzecich, w tym do Stan\u00f3w Zjednoczonych Ameryki.<\/li>\n\n\n\n<li><strong>Google Ireland Ltd. (Google Workspace for Education)<\/strong> \u2013 dane zwi\u0105zane z korzystaniem przez nauczycieli i uczni\u00f3w z poczty elektronicznej, platformy Google Meet i powi\u0105zanych us\u0142ug mog\u0105 by\u0107 przekazywane do pa\u0144stw trzecich, w tym do Stan\u00f3w Zjednoczonych Ameryki.<\/li>\n<\/ol>\n\n\n\n<p>Przekazywanie danych do USA odbywa si\u0119 na podstawie <strong>decyzji wykonawczej Komisji Europejskiej z dnia 10 lipca 2023 r. w sprawie adekwatno\u015bci ochrony danych osobowych (EU\u2013US Data Privacy Framework)<\/strong>, co oznacza, \u017ce pa\u0144stwo to zapewnia odpowiedni poziom ochrony danych zgodnie z art. 45 RODO.<\/p>\n\n\n\n<p>Szczeg\u00f3\u0142owe informacje na temat stosowanych zabezpiecze\u0144 oraz zasad przekazywania danych dost\u0119pne s\u0105 w politykach prywatno\u015bci dostawc\u00f3w us\u0142ug:<\/p>\n\n\n\n<ul class=\"wp-block-list\">\n<li>Facebook: <a href=\"https:\/\/www.facebook.com\/privacy\/policy\">https:\/\/www.facebook.com\/privacy\/policy<\/a><\/li>\n\n\n\n<li>Google: https:\/\/policies.google.com\/privacy\u201d\n<ul class=\"wp-block-list\">\n<li>W zwi\u0105zku z przetwarzaniem Pa\u0144stwa danych osobowych, przys\u0142uguj\u0105 Pa\u0144stwu nast\u0119puj\u0105ce prawa:<\/li>\n<\/ul>\n<\/li>\n\n\n\n<li>prawo dost\u0119pu do swoich danych oraz otrzymania ich kopii;<\/li>\n\n\n\n<li>prawo do sprostowania (poprawiania) swoich danych osobowych;<\/li>\n\n\n\n<li>prawo do ograniczenia przetwarzania danych osobowych;<\/li>\n\n\n\n<li>prawo wniesienia skargi do Prezesa Urz\u0119du Ochrony Danych Osobowych (ul. Stawki 2, 00-193 Warszawa), w\u00a0sytuacji, gdy uzna Pani\/Pan, \u017ce przetwarzanie danych osobowych narusza przepisy og\u00f3lnego rozporz\u0105dzenia o ochronie danych osobowych (RODO);<ul><li>Podanie przez Pa\u0144stwa danych osobowych w zwi\u0105zku z ci\u0105\u017c\u0105cym na Administratorze obowi\u0105zkiem prawnym jest obowi\u0105zkowe, a ich nieprzekazanie skutkowa\u0107 b\u0119dzie brakiem realizacji celu, o kt\u00f3rym mowa w punkcie 3.<\/li><\/ul>\n<ul class=\"wp-block-list\">\n<li>Pa\u0144stwa dane mog\u0105 zosta\u0107 przekazane podmiotom zewn\u0119trznym na podstawie umowy powierzenia przetwarzania danych osobowych tj. us\u0142ugodawcom wykonuj\u0105cych us\u0142ugi serwisu system\u00f3w informatycznych oraz us\u0142ugodawcom z zakresu ksi\u0119gowo\u015bci oraz doradztwa prawnego, a tak\u017ce podmiotom lub organom uprawnionym na podstawie przepis\u00f3w prawa.<\/li>\n<\/ul>\n<\/li>\n<\/ul>\n","protected":false},"excerpt":{"rendered":"<p>Za\u0142\u0105cznik &nbsp;nr 3 do Polityki ochrony danych osobowych Wz\u00f3r og\u00f3lnej klauzuli informacyjnej z art. 13 ust. 1 i 2 (obowi\u0105zek<\/p>\n","protected":false},"author":3,"featured_media":0,"parent":0,"menu_order":0,"comment_status":"closed","ping_status":"closed","template":"","meta":{"footnotes":""},"class_list":["post-194","page","type-page","status-publish","hentry","comments-off"],"_links":{"self":[{"href":"https:\/\/www.sp-kiwity.pl\/index.php?rest_route=\/wp\/v2\/pages\/194","targetHints":{"allow":["GET"]}}],"collection":[{"href":"https:\/\/www.sp-kiwity.pl\/index.php?rest_route=\/wp\/v2\/pages"}],"about":[{"href":"https:\/\/www.sp-kiwity.pl\/index.php?rest_route=\/wp\/v2\/types\/page"}],"author":[{"embeddable":true,"href":"https:\/\/www.sp-kiwity.pl\/index.php?rest_route=\/wp\/v2\/users\/3"}],"replies":[{"embeddable":true,"href":"https:\/\/www.sp-kiwity.pl\/index.php?rest_route=%2Fwp%2Fv2%2Fcomments&post=194"}],"version-history":[{"count":15,"href":"https:\/\/www.sp-kiwity.pl\/index.php?rest_route=\/wp\/v2\/pages\/194\/revisions"}],"predecessor-version":[{"id":2909,"href":"https:\/\/www.sp-kiwity.pl\/index.php?rest_route=\/wp\/v2\/pages\/194\/revisions\/2909"}],"wp:attachment":[{"href":"https:\/\/www.sp-kiwity.pl\/index.php?rest_route=%2Fwp%2Fv2%2Fmedia&parent=194"}],"curies":[{"name":"wp","href":"https:\/\/api.w.org\/{rel}","templated":true}]}}