{"id":278,"date":"2022-10-12T08:26:54","date_gmt":"2022-10-12T06:26:54","guid":{"rendered":"http:\/\/localhost\/wordpress\/?page_id=278"},"modified":"2024-09-27T12:38:45","modified_gmt":"2024-09-27T10:38:45","slug":"dostepnosc-nauczycieli","status":"publish","type":"page","link":"https:\/\/www.sp-kiwity.pl\/?page_id=278","title":{"rendered":"Dost\u0119pno\u015b\u0107 nauczycieli"},"content":{"rendered":"\n<div data-wp-interactive=\"core\/file\" class=\"wp-block-file\"><object data-wp-bind--hidden=\"!state.hasPdfPreview\" hidden class=\"wp-block-file__embed\" data=\"https:\/\/www.sp-kiwity.pl\/wp-content\/uploads\/2024\/09\/DOSTEPNOSC-NAUCZYCIELI.pdf\" type=\"application\/pdf\" style=\"width:100%;height:700px\" aria-label=\"Osadzone z DOST\u0118PNO\u015a\u0106  NAUCZYCIELI.\"><\/object><a id=\"wp-block-file--media-3d571103-e3a6-46a6-9191-49f649d49b2f\" href=\"https:\/\/www.sp-kiwity.pl\/wp-content\/uploads\/2024\/09\/DOSTEPNOSC-NAUCZYCIELI.pdf\">DOST\u0118PNO\u015a\u0106  NAUCZYCIELI<\/a><a href=\"https:\/\/www.sp-kiwity.pl\/wp-content\/uploads\/2024\/09\/DOSTEPNOSC-NAUCZYCIELI.pdf\" class=\"wp-block-file__button wp-element-button\" download aria-describedby=\"wp-block-file--media-3d571103-e3a6-46a6-9191-49f649d49b2f\">Pobierz<\/a><\/div>\n","protected":false},"excerpt":{"rendered":"","protected":false},"author":3,"featured_media":0,"parent":0,"menu_order":0,"comment_status":"closed","ping_status":"closed","template":"","meta":{"footnotes":""},"class_list":["post-278","page","type-page","status-publish","hentry","comments-off"],"_links":{"self":[{"href":"https:\/\/www.sp-kiwity.pl\/index.php?rest_route=\/wp\/v2\/pages\/278","targetHints":{"allow":["GET"]}}],"collection":[{"href":"https:\/\/www.sp-kiwity.pl\/index.php?rest_route=\/wp\/v2\/pages"}],"about":[{"href":"https:\/\/www.sp-kiwity.pl\/index.php?rest_route=\/wp\/v2\/types\/page"}],"author":[{"embeddable":true,"href":"https:\/\/www.sp-kiwity.pl\/index.php?rest_route=\/wp\/v2\/users\/3"}],"replies":[{"embeddable":true,"href":"https:\/\/www.sp-kiwity.pl\/index.php?rest_route=%2Fwp%2Fv2%2Fcomments&post=278"}],"version-history":[{"count":12,"href":"https:\/\/www.sp-kiwity.pl\/index.php?rest_route=\/wp\/v2\/pages\/278\/revisions"}],"predecessor-version":[{"id":2201,"href":"https:\/\/www.sp-kiwity.pl\/index.php?rest_route=\/wp\/v2\/pages\/278\/revisions\/2201"}],"wp:attachment":[{"href":"https:\/\/www.sp-kiwity.pl\/index.php?rest_route=%2Fwp%2Fv2%2Fmedia&parent=278"}],"curies":[{"name":"wp","href":"https:\/\/api.w.org\/{rel}","templated":true}]}}