{"id":334,"date":"2022-10-12T14:05:14","date_gmt":"2022-10-12T12:05:14","guid":{"rendered":"http:\/\/localhost\/wordpress\/?page_id=334"},"modified":"2025-04-24T11:04:31","modified_gmt":"2025-04-24T09:04:31","slug":"deklaracja-dostepnosci","status":"publish","type":"page","link":"https:\/\/www.sp-kiwity.pl\/?page_id=334","title":{"rendered":"Deklaracja dostepno\u015bci"},"content":{"rendered":"\n<p><strong>Wst\u0119p<\/strong><\/p>\n\n\n\n<p>Szko\u0142a Podstawowa w Kiwitach zobowi\u0105zuje si\u0119 zapewni\u0107 dost\u0119pno\u015b\u0107 swojej strony internetowej zgodnie z ustaw\u0105 z dnia 4 kwietnia 2019 r. o dost\u0119pno\u015bci cyfrowej stron internetowych i aplikacji mobilnych podmiot\u00f3w publicznych. O\u015bwiadczenie w sprawie dost\u0119pno\u015bci ma zastosowanie do strony internetowej Szko\u0142y Podstawowej w Kiwitach.<\/p>\n\n\n\n<p><strong>Daty publikacji i aktualizacji<\/strong><\/p>\n\n\n\n<p><em>Data publikacji strony internetowej: 2020-03-03.<\/em><br><em>Data ostatniej istotnej aktualizacji: 2025-03-31<\/em><\/p>\n\n\n\n<p><strong>Status pod wzgl\u0119dem zgodno\u015bci z ustaw\u0105<\/strong><\/p>\n\n\n\n<p>Strona internetowa jest cz\u0119\u015bciowo zgodna z ustaw\u0105 z dnia 4 kwietnia 2019 r. o dost\u0119pno\u015bci cyfrowej stron internetowych i aplikacji mobilnych podmiot\u00f3w publicznych z powodu niezgodno\u015bci lub wy\u0142\u0105cze\u0144 wymienionych poni\u017cej:<\/p>\n\n\n\n<p>Publikowane zdj\u0119cia nie posiadaj\u0105 opisu alternatywnego.<br>Filmy nie posiadaj\u0105 napis\u00f3w dla os\u00f3b g\u0142uchych.<br>Cz\u0119\u015b\u0107 plik\u00f3w nie jest dost\u0119pnych cyfrowo.<\/p>\n\n\n\n<p><strong>Wy\u0142\u0105czenia<\/strong><\/p>\n\n\n\n<p>Filmy opublikowane przed 23 wrze\u015bnia 2020 r. s\u0105 wy\u0142\u0105czone z obowi\u0105zku zapewniania dost\u0119pno\u015bci;<br>Dokumenty tekstowe i tekstowo-graficzne, dokumenty utworzone w programach przeznaczonych do tworzenia prezentacji lub arkuszy kalkulacyjnych, opublikowane przed dniem 23 wrze\u015bnia 2018 r. s\u0105 wy\u0142\u0105czone z obowi\u0105zku zapewniania dost\u0119pno\u015bci;<br>Mapy s\u0105 wy\u0142\u0105czone z obowi\u0105zku zapewniania dost\u0119pno\u015bci;<br>Pliki wytworzone przez inne podmioty ni\u017c Szko\u0142a Podstawowa w Kiwitach i przekazane do publikacji w formie papierowej lub skan\u00f3w nie s\u0105 dost\u0119pne z uwagi na brak dost\u0119pu do danych \u017ar\u00f3d\u0142owych;<br>Tre\u015bci archiwalne, niewykorzystywane do realizacji bie\u017c\u0105cych zada\u0144 s\u0105 wy\u0142\u0105czone z obowi\u0105zku zapewniania dost\u0119pno\u015bci.<br>Poprawienie dost\u0119pno\u015bci strony z cofni\u0119ciem si\u0119 do wcze\u015bniejszych lat nios\u0142oby za sob\u0105 nadmierne obci\u0105\u017cenie dla podmiotu publicznego.<\/p>\n\n\n\n<p><strong>Data sporz\u0105dzenia Deklaracji i metoda oceny dost\u0119pno\u015bci cyfrowej<\/strong><\/p>\n\n\n\n<p>O\u015bwiadczenie sporz\u0105dzono dnia: 2022-03-31.<\/p>\n\n\n\n<p>Deklaracj\u0119 sporz\u0105dzono na podstawie samooceny przeprowadzonej przez podmiot publiczny.<\/p>\n\n\n\n<p><strong>Skr\u00f3ty klawiaturowe<\/strong><\/p>\n\n\n\n<p>Strona internetowa obs\u0142uguje standardowe skr\u00f3ty klawiaturowe przegl\u0105darek internetowych.<\/p>\n\n\n\n<p><strong>Informacje zwrotne i dane kontaktowe<\/strong><\/p>\n\n\n\n<p>W przypadku problem\u00f3w z dost\u0119pno\u015bci\u0105 strony internetowej prosimy o kontakt. Osob\u0105 kontaktow\u0105 jest Kamil Grygo, kamil.grygo@sp-kiwity.pl . Kontaktowa\u0107 mo\u017cna si\u0119 tak\u017ce dzwoni\u0105c na numer telefonu 89 766 09 79. T\u0105 sam\u0105 drog\u0105 mo\u017cna sk\u0142ada\u0107 wnioski o udost\u0119pnienie informacji niedost\u0119pnej oraz sk\u0142ada\u0107 skargi na brak zapewnienia dost\u0119pno\u015bci.<\/p>\n\n\n\n<p><strong>Informacje na temat procedury<\/strong><\/p>\n\n\n\n<p>Ka\u017cdy ma prawo do wyst\u0105pienia z \u017c\u0105daniem zapewnienia dost\u0119pno\u015bci cyfrowej strony internetowej, aplikacji mobilnej lub jakiego\u015b ich elementu. Mo\u017cna tak\u017ce za\u017c\u0105da\u0107 udost\u0119pnienia informacji za pomoc\u0105 alternatywnego sposobu dost\u0119pu, na przyk\u0142ad przez odczytanie niedost\u0119pnego cyfrowo dokumentu, opisanie zawarto\u015bci filmu bez audiodeskrypcji itp.<\/p>\n\n\n\n<p>\u017b\u0105danie powinno zawiera\u0107 dane osoby zg\u0142aszaj\u0105cej \u017c\u0105danie, wskazanie, o kt\u00f3r\u0105 stron\u0119 internetow\u0105 lub aplikacj\u0119 mobiln\u0105 chodzi oraz spos\u00f3b kontaktu. Je\u017celi osoba \u017c\u0105daj\u0105ca zg\u0142asza potrzeb\u0119 otrzymania informacji za pomoc\u0105 alternatywnego sposobu dost\u0119pu, powinna tak\u017ce okre\u015bli\u0107 dogodny dla niej spos\u00f3b przedstawienia tej informacji. Podmiot publiczny powinien zrealizowa\u0107 \u017c\u0105danie niezw\u0142ocznie, nie p\u00f3\u017aniej ni\u017c w ci\u0105gu 7 dni od dnia wyst\u0105pienia z \u017c\u0105daniem. Je\u017celi dotrzymanie tego terminu nie jest mo\u017cliwe, podmiot publiczny niezw\u0142ocznie informuje o tym wnosz\u0105cego \u017c\u0105danie, kiedy realizacja \u017c\u0105dania b\u0119dzie mo\u017cliwa, przy czym termin ten nie mo\u017ce by\u0107 d\u0142u\u017cszy ni\u017c 2 miesi\u0105ce od dnia wyst\u0105pienia z \u017c\u0105daniem.<\/p>\n\n\n\n<p>Je\u017celi zapewnienie dost\u0119pno\u015bci cyfrowej nie jest mo\u017cliwe, podmiot publiczny mo\u017ce zaproponowa\u0107 alternatywny spos\u00f3b dost\u0119pu do informacji.<\/p>\n\n\n\n<p>W przypadku, gdy podmiot publiczny odm\u00f3wi realizacji \u017c\u0105dania zapewnienia dost\u0119pno\u015bci lub alternatywnego sposobu dost\u0119pu do informacji, wnosz\u0105cy \u017c\u0105danie mo\u017cne z\u0142o\u017cy\u0107 skarg\u0119 w sprawie zapewniana dost\u0119pno\u015bci cyfrowej strony internetowej, aplikacji mobilnej lub elementu strony internetowej, lub aplikacji mobilnej. Po wyczerpaniu wskazanej wy\u017cej procedury mo\u017cna tak\u017ce z\u0142o\u017cy\u0107 wniosek do Rzecznika Praw Obywatelskich https:\/\/www.rpo.gov.pl\/pl\/content\/kontakt-przyjmujemy-sprawy-do-rpo.<br>Informacyjna infolinia obywatelska 800 676 676.<\/p>\n\n\n\n<p><strong>Dost\u0119pno\u015b\u0107 architektoniczna<\/strong><\/p>\n\n\n\n<p>Szko\u0142a mie\u015bci si\u0119 w 3 budynkach po\u0142\u0105czonych \u0142\u0105cznikami, tj. g\u0142\u00f3wnego 2-pi\u0119trowego budynku z piwnic\u0105, sali gimnastycznej i sto\u0142\u00f3wki.<\/p>\n\n\n\n<p>Do g\u0142\u00f3wnego budynku prowadz\u0105 3 wej\u015bcia: g\u0142\u00f3wne od frontu budynku oraz 2 wej\u015bcie od strony boiska, 1 wej\u015bcie na sal\u0119 gimnastyczn\u0105 i 1 wej\u015bcie na sto\u0142\u00f3wk\u0119.<\/p>\n\n\n\n<p>Budynek nie ma pokonanych barier architektonicznych.<\/p>\n\n\n\n<p>Nad wej\u015bciami nie ma g\u0142o\u015bnik\u00f3w systemu naprowadzaj\u0105cego d\u017awi\u0119kowo osoby niewidome i s\u0142abowidz\u0105ce.<\/p>\n\n\n\n<p>W budynku nie ma oznacze\u0144 w alfabecie Braille&#8217;a ani oznacze\u0144 kontrastowych lub w druku powi\u0119kszonym dla os\u00f3b niewidomych i s\u0142abowidz\u0105cych.<\/p>\n\n\n\n<p>Osobami oddelegowanymi do udzielania informacji przy wej\u015bciu g\u0142\u00f3wnym s\u0105 pracownicy obs\u0142ugi.<\/p>\n\n\n\n<p>W budynku na ka\u017cdym poziomie (piwnica &#8211; szatnie; parter, 1 pi\u0119tro, 2 pi\u0119tro, znajduje si\u0119 korytarz.<\/p>\n\n\n\n<p>Budynek nie posiada wind, p\u0119tli indukcyjnych, podjazd\u00f3w ani toalet dostosowanych dla niepe\u0142nosprawnych.<\/p>\n\n\n\n<p>Do szko\u0142y mo\u017ce wej\u015b\u0107 osoba z psem asystuj\u0105cym i psem przewodnikiem.<\/p>\n","protected":false},"excerpt":{"rendered":"<p>Wst\u0119p Szko\u0142a Podstawowa w Kiwitach zobowi\u0105zuje si\u0119 zapewni\u0107 dost\u0119pno\u015b\u0107 swojej strony internetowej zgodnie z ustaw\u0105 z dnia 4 kwietnia 2019<\/p>\n","protected":false},"author":3,"featured_media":0,"parent":0,"menu_order":0,"comment_status":"closed","ping_status":"closed","template":"","meta":{"footnotes":""},"class_list":["post-334","page","type-page","status-publish","hentry","comments-off"],"_links":{"self":[{"href":"https:\/\/www.sp-kiwity.pl\/index.php?rest_route=\/wp\/v2\/pages\/334","targetHints":{"allow":["GET"]}}],"collection":[{"href":"https:\/\/www.sp-kiwity.pl\/index.php?rest_route=\/wp\/v2\/pages"}],"about":[{"href":"https:\/\/www.sp-kiwity.pl\/index.php?rest_route=\/wp\/v2\/types\/page"}],"author":[{"embeddable":true,"href":"https:\/\/www.sp-kiwity.pl\/index.php?rest_route=\/wp\/v2\/users\/3"}],"replies":[{"embeddable":true,"href":"https:\/\/www.sp-kiwity.pl\/index.php?rest_route=%2Fwp%2Fv2%2Fcomments&post=334"}],"version-history":[{"count":6,"href":"https:\/\/www.sp-kiwity.pl\/index.php?rest_route=\/wp\/v2\/pages\/334\/revisions"}],"predecessor-version":[{"id":3114,"href":"https:\/\/www.sp-kiwity.pl\/index.php?rest_route=\/wp\/v2\/pages\/334\/revisions\/3114"}],"wp:attachment":[{"href":"https:\/\/www.sp-kiwity.pl\/index.php?rest_route=%2Fwp%2Fv2%2Fmedia&parent=334"}],"curies":[{"name":"wp","href":"https:\/\/api.w.org\/{rel}","templated":true}]}}