{"id":411,"date":"2022-10-18T13:30:36","date_gmt":"2022-10-18T11:30:36","guid":{"rendered":"http:\/\/localhost\/wordpress\/?page_id=411"},"modified":"2024-09-17T12:04:17","modified_gmt":"2024-09-17T10:04:17","slug":"zfss","status":"publish","type":"page","link":"https:\/\/www.sp-kiwity.pl\/?page_id=411","title":{"rendered":"Zak\u0142adowy Fundusz \u015awiadcze\u0144 Socjalnych"},"content":{"rendered":"\n<ul class=\"wp-block-list\">\n<li><a href=\"https:\/\/www.sp-kiwity.pl\/wp-content\/uploads\/2024\/09\/REG.-ZFSP-SP-Kiwity.pdf\" data-type=\"URL\" data-id=\"https:\/\/www.sp-kiwity.pl\/wp-content\/uploads\/2022\/11\/REG.-ZFSP-SP-Kiwity.pdf\" target=\"_blank\" rel=\"noreferrer noopener\">Regulamin Zak\u0142adowego Funduszu \u015awiadcze\u0144 Socjalnych Szko\u0142y Podstawowej w Kiwitach.<\/a><\/li>\n\n\n\n<li><a rel=\"noreferrer noopener\" href=\"https:\/\/www.sp-kiwity.pl\/wp-content\/uploads\/2022\/11\/Zalacznik-nr-1-do-Regulaminu-ZFSS.pdf\" target=\"_blank\">Za\u0142\u0105cznik nr 1 do Regulaminu ZF\u015aS<\/a><\/li>\n\n\n\n<li><a rel=\"noreferrer noopener\" href=\"https:\/\/www.sp-kiwity.pl\/wp-content\/uploads\/2022\/11\/Zalacznik-nr-2-do-Regulaminu-ZFSS.pdf\" target=\"_blank\">Za\u0142\u0105cznik nr 2 do Regulaminu ZF\u015aS<\/a><\/li>\n\n\n\n<li><a rel=\"noreferrer noopener\" href=\"https:\/\/www.sp-kiwity.pl\/wp-content\/uploads\/2022\/11\/Zalacznik-nr-3-do-Regulaminu-ZFSS.pdf\" data-type=\"URL\" data-id=\"https:\/\/www.sp-kiwity.pl\/wp-content\/uploads\/2022\/11\/Zalacznik-nr-3-do-Regulaminu-ZFSS.pdf\" target=\"_blank\">Za\u0142\u0105cznik nr 3 do Regulaminu ZF\u015aS<\/a><\/li>\n\n\n\n<li><a rel=\"noreferrer noopener\" href=\"https:\/\/www.sp-kiwity.pl\/wp-content\/uploads\/2022\/11\/Zalacznik-nr-4-do-Regulaminu-ZFSS.pdf\" target=\"_blank\">Za\u0142\u0105cznik nr 4 do Regulaminu ZF\u015aS<\/a><\/li>\n\n\n\n<li><a rel=\"noreferrer noopener\" href=\"https:\/\/www.sp-kiwity.pl\/wp-content\/uploads\/2022\/11\/Zalacznik-nr-5-do-Regulaminu-ZFSS.pdf\" target=\"_blank\">Za\u0142\u0105cznik nr 5 do Regulaminu ZF\u015aS<\/a><\/li>\n\n\n\n<li><a rel=\"noreferrer noopener\" href=\"https:\/\/www.sp-kiwity.pl\/wp-content\/uploads\/2022\/11\/Zalacznik-nr-6-do-Regulaminu-ZFSS.pdf\" target=\"_blank\">Za\u0142\u0105cznik nr 6 do Regulaminu ZF\u015aS<\/a><\/li>\n\n\n\n<li><a rel=\"noreferrer noopener\" href=\"https:\/\/www.sp-kiwity.pl\/wp-content\/uploads\/2022\/11\/Zalacznik-nr-7-do-Regulaminu-ZFSS.pdf\" target=\"_blank\">Za\u0142\u0105cznik nr 7 do Regulaminu ZF\u015aS<\/a><\/li>\n\n\n\n<li><a rel=\"noreferrer noopener\" href=\"https:\/\/www.sp-kiwity.pl\/wp-content\/uploads\/2022\/11\/Zalacznik-nr-8-do-Regulaminu-ZFSS-1.pdf\" target=\"_blank\">Za\u0142\u0105cznik nr 8 do Regulaminu ZF\u015aS<\/a><\/li>\n\n\n\n<li><a rel=\"noreferrer noopener\" href=\"https:\/\/www.sp-kiwity.pl\/wp-content\/uploads\/2022\/11\/Zalacznik-nr-9-do-Regulaminu-ZFSS.pdf\" target=\"_blank\">Za\u0142\u0105cznik nr 9 do Regulaminu ZF\u015aS<\/a><\/li>\n\n\n\n<li><a rel=\"noreferrer noopener\" href=\"https:\/\/www.sp-kiwity.pl\/wp-content\/uploads\/2022\/11\/Zalacznik-nr-10-do-Regulaminu-ZFSS.pdf\" target=\"_blank\">Za\u0142\u0105cznik nr 10 do Regulaminu ZF\u015aS<\/a><\/li>\n\n\n\n<li><a rel=\"noreferrer noopener\" href=\"https:\/\/www.sp-kiwity.pl\/wp-content\/uploads\/2022\/11\/Zalacznik-nr-11-do-Regulaminu-ZFSS-oswiadczenie.pdf\" target=\"_blank\">Za\u0142\u0105cznik nr 11 do Regulaminu ZF\u015aS<\/a><br><\/li>\n<\/ul>\n","protected":false},"excerpt":{"rendered":"","protected":false},"author":3,"featured_media":0,"parent":0,"menu_order":0,"comment_status":"closed","ping_status":"closed","template":"","meta":{"footnotes":""},"class_list":["post-411","page","type-page","status-publish","hentry","comments-off"],"_links":{"self":[{"href":"https:\/\/www.sp-kiwity.pl\/index.php?rest_route=\/wp\/v2\/pages\/411","targetHints":{"allow":["GET"]}}],"collection":[{"href":"https:\/\/www.sp-kiwity.pl\/index.php?rest_route=\/wp\/v2\/pages"}],"about":[{"href":"https:\/\/www.sp-kiwity.pl\/index.php?rest_route=\/wp\/v2\/types\/page"}],"author":[{"embeddable":true,"href":"https:\/\/www.sp-kiwity.pl\/index.php?rest_route=\/wp\/v2\/users\/3"}],"replies":[{"embeddable":true,"href":"https:\/\/www.sp-kiwity.pl\/index.php?rest_route=%2Fwp%2Fv2%2Fcomments&post=411"}],"version-history":[{"count":6,"href":"https:\/\/www.sp-kiwity.pl\/index.php?rest_route=\/wp\/v2\/pages\/411\/revisions"}],"predecessor-version":[{"id":2161,"href":"https:\/\/www.sp-kiwity.pl\/index.php?rest_route=\/wp\/v2\/pages\/411\/revisions\/2161"}],"wp:attachment":[{"href":"https:\/\/www.sp-kiwity.pl\/index.php?rest_route=%2Fwp%2Fv2%2Fmedia&parent=411"}],"curies":[{"name":"wp","href":"https:\/\/api.w.org\/{rel}","templated":true}]}}