{"id":51,"date":"2022-09-27T08:31:26","date_gmt":"2022-09-27T06:31:26","guid":{"rendered":"http:\/\/localhost\/wordpress\/?page_id=51"},"modified":"2022-10-19T09:35:54","modified_gmt":"2022-10-19T07:35:54","slug":"logopeda","status":"publish","type":"page","link":"https:\/\/www.sp-kiwity.pl\/?page_id=51","title":{"rendered":"Logopeda"},"content":{"rendered":"\n<p>Chcia\u0142abym zaprosi\u0107 Pa\u0144stwa do wsp\u00f3\u0142pracy nad rozwijaniem, wspomaganiem i korygowaniem wad mowy dzieci. Zach\u0119cam do zagl\u0105dania na stron\u0119 szko\u0142y do zak\u0142adki logopedy. <br>Znajdziecie tu propozycje zabaw i \u0107wicze\u0144 z dzieckiem przedszkolnym i w m\u0142odszym wieku szkolnym, kt\u00f3re b\u0119dzie mo\u017cna wykona\u0107 w domu. \u0106wiczenia te maj\u0105 na celu wspomaganie rozwoju dziecka w r\u00f3\u017cnych sferach, by\u0107 dobr\u0105 zabaw\u0105 i propozycj\u0105 wsp\u00f3lnego sp\u0119dzenia czasu z dzieckiem.<\/p>\n\n\n\n<p><strong>Gimnastyka buzi i j\u0119zyka<\/strong>&nbsp;to dobra zabawa usprawniaj\u0105ca narz\u0105dy artykulacyjne, kt\u00f3rych wysoka sprawno\u015b\u0107 przek\u0142ada si\u0119 na prawid\u0142owy rozw\u00f3j mowy.<\/p>\n\n\n\n<p><strong>Zabawy kreatywne<\/strong>&nbsp;to alternatywa na sp\u0119dzenie czasu z dzieckiem ,na wsp\u00f3lnym dzia\u0142aniu, tworzeniu czego\u015b niecodziennego, nieoczywistego, pobudzanie wyobra\u017ani dziecka i jego umiej\u0119tno\u015bci konstrukcyjnych. To wreszcie pokazanie dziecku, \u017ce zabawki mo\u017cna wymy\u015bla\u0107 samemu z materia\u0142\u00f3w, kt\u00f3re znajdziemy w ka\u017cdym domu.<\/p>\n\n\n\n<p><strong>Zabawy paluszkowe<\/strong>&nbsp;to propozycja zabaw z wykorzystaniem d\u0142oni dziecka. Zabawy tego typu to doskonalenie koordynacji s\u0142uchowo- wzrokowo- ruchowej, rozwijanie motoryki ma\u0142ej tak wa\u017cnej w procesie nabywania umiej\u0119tno\u015bci pisania.<\/p>\n\n\n\n<p><strong>Wierszykarnia<\/strong>&nbsp;to wierszyki, rymowanki , wyliczanki wspieraj\u0105ce rozwijanie s\u0142uchu fonemowego , pami\u0119ci, rytmu.<\/p>\n\n\n\n<p><strong>Zabawy relaksacyjne- dzieci\u0119ce masa\u017cyki&nbsp;<\/strong>to jedna z metod na uspokojenie , zrelaksowanie dziecka . Nie jest to klasyczny masa\u017c oparty na wykorzystaniu odruch\u00f3w fizjologicznych, ale spos\u00f3b nawi\u0105zywania fizycznego kontaktu rodzica z dzieckiem oparty na delikatnym dotyku i budowaniu wi\u0119zi z dzieckiem.<\/p>\n\n\n\n<p>Propozycja tych zabaw niech stanie si\u0119 pretekstem od\u0142o\u017cenia na p\u00f3\u017aniej \u201epilnych\u201d prac domowych i podarowanie dziecku czego\u015b najcenniejszego: swojego czasu i uwagi. Takie wsp\u00f3lne dzia\u0142ania dziecko zabierze w swoim baga\u017cu do\u015bwiadcze\u0144 w doros\u0142e \u017cycie. B\u0119d\u0105 te\u017c one mocnym fundamentem dobrych relacji mi\u0119dzy dzieckiem i rodzicem w dalszych latach wsp\u00f3lnego \u017cycia. Warto zatem dla tych wsp\u00f3lnych chwil wy\u0142\u0105czy\u0107 telewizor, zamkn\u0105\u0107 komputer, wyciszy\u0107 telefon, od\u0142o\u017cy\u0107 pranie, zaprzyja\u017ani\u0107 si\u0119 z kurzem na chwil\u0119. Te \u201epilne\u201d obowi\u0105zki nie uciekn\u0105 , a mo\u017cliwo\u015b\u0107 sp\u0119dzenia czasu z dzieckiem tak i niestety nie b\u0119dzie mo\u017cna ju\u017c tego powt\u00f3rzy\u0107.<\/p>\n\n\n\n<p>Zach\u0119cam te\u017c do indywidualnych konsultacji ze mn\u0105 w sprawie problem\u00f3w dzieci w rozwoju mowy. Sama praca z dzieckiem w szkole na grupowych zaj\u0119ciach logopedycznych nie zawsze mo\u017ce przynie\u015b\u0107 zamierzony skutek . Wa\u017cna jest te\u017c systematyczna praca w domu wed\u0142ug moich wskaza\u0144 i zalece\u0144. Zainteresowanych wsp\u00f3\u0142prac\u0105 rodzic\u00f3w prosz\u0119 o kontakt przez poczt\u0119 w dzienniku elektronicznym w celu um\u00f3wienia ,w dogodnym dla Pa\u0144stwa terminie, spotkania lub rozmowy telefonicznej.<br><br><em>Opiekun Lidia Cybowska<\/em><\/p>\n","protected":false},"excerpt":{"rendered":"<p>Chcia\u0142abym zaprosi\u0107 Pa\u0144stwa do wsp\u00f3\u0142pracy nad rozwijaniem, wspomaganiem i korygowaniem wad mowy dzieci. Zach\u0119cam do zagl\u0105dania na stron\u0119 szko\u0142y do<\/p>\n","protected":false},"author":3,"featured_media":0,"parent":0,"menu_order":0,"comment_status":"closed","ping_status":"closed","template":"","meta":{"footnotes":""},"class_list":["post-51","page","type-page","status-publish","hentry","comments-off"],"_links":{"self":[{"href":"https:\/\/www.sp-kiwity.pl\/index.php?rest_route=\/wp\/v2\/pages\/51","targetHints":{"allow":["GET"]}}],"collection":[{"href":"https:\/\/www.sp-kiwity.pl\/index.php?rest_route=\/wp\/v2\/pages"}],"about":[{"href":"https:\/\/www.sp-kiwity.pl\/index.php?rest_route=\/wp\/v2\/types\/page"}],"author":[{"embeddable":true,"href":"https:\/\/www.sp-kiwity.pl\/index.php?rest_route=\/wp\/v2\/users\/3"}],"replies":[{"embeddable":true,"href":"https:\/\/www.sp-kiwity.pl\/index.php?rest_route=%2Fwp%2Fv2%2Fcomments&post=51"}],"version-history":[{"count":3,"href":"https:\/\/www.sp-kiwity.pl\/index.php?rest_route=\/wp\/v2\/pages\/51\/revisions"}],"predecessor-version":[{"id":445,"href":"https:\/\/www.sp-kiwity.pl\/index.php?rest_route=\/wp\/v2\/pages\/51\/revisions\/445"}],"wp:attachment":[{"href":"https:\/\/www.sp-kiwity.pl\/index.php?rest_route=%2Fwp%2Fv2%2Fmedia&parent=51"}],"curies":[{"name":"wp","href":"https:\/\/api.w.org\/{rel}","templated":true}]}}