{"id":723,"date":"2022-11-04T07:17:19","date_gmt":"2022-11-04T06:17:19","guid":{"rendered":"https:\/\/spkiwity.pl\/?page_id=723"},"modified":"2026-04-10T12:12:49","modified_gmt":"2026-04-10T10:12:49","slug":"jadlospis","status":"publish","type":"page","link":"https:\/\/www.sp-kiwity.pl\/?page_id=723","title":{"rendered":"Jad\u0142ospis"},"content":{"rendered":"\n<div class=\"wp-block-file\"><a id=\"wp-block-file--media-5349c706-21ff-4cf7-8b6b-c5528d30e13c\" href=\"https:\/\/www.sp-kiwity.pl\/wp-content\/uploads\/2026\/04\/jadlospis-kwiecien-2026-r.doc\">jad\u0142ospis kwiecie\u0144 2026 r<\/a><a href=\"https:\/\/www.sp-kiwity.pl\/wp-content\/uploads\/2026\/04\/jadlospis-kwiecien-2026-r.doc\" class=\"wp-block-file__button wp-element-button\" download aria-describedby=\"wp-block-file--media-5349c706-21ff-4cf7-8b6b-c5528d30e13c\">Pobierz<\/a><\/div>\n\n\n\n<p><strong>J<\/strong><strong>a<\/strong><strong>d<\/strong><strong>\u0142<\/strong><strong>o<\/strong><strong>s<\/strong><strong>p<\/strong><strong>i<\/strong><strong>s<\/strong><\/p>\n\n\n\n<p><strong>Poniedzia\u0142ek 13.04.2026<\/strong><\/p>\n\n\n\n<p><strong>I danie: zupa broku\u0142owa<\/strong><\/p>\n\n\n\n<p><strong>II danie :kotlet mielony, ziemniaki, sur\u00f3wka z<\/strong><\/p>\n\n\n\n<p><strong>kapusty czerwonej, kompot<\/strong><\/p>\n\n\n\n<p><strong>ALERGENY<\/strong><strong> :pszenica ,mas\u0142o ,seler , jaja, \u015bmietana<\/strong><\/p>\n\n\n\n<p><strong>Wtorek 14.04.2026<\/strong><\/p>\n\n\n\n<p><strong>I danie: zupa zacierkowa<\/strong><\/p>\n\n\n\n<p><strong>II danie: nale\u015bniki z d\u017cemem, owoc , kompot<\/strong><\/p>\n\n\n\n<p><strong>ALERGENY <\/strong><strong>:pszenica ,seler, jaja, mleko<\/strong><\/p>\n\n\n\n<p><strong>\u015aroda 15.04.2026<\/strong><\/p>\n\n\n\n<p><strong>I danie: zupa pomidorowa z makaronem<\/strong><\/p>\n\n\n\n<p><strong>II danie :sztuka mi\u0119sa drobiowego w sosie,<\/strong><\/p>\n\n\n\n<p><strong>sur\u00f3wka z og\u00f3rk\u00f3w kiszonych, ziemniaki, kompot<\/strong><\/p>\n\n\n\n<p><strong>ALERGENY<\/strong><strong> :pszenica ,seler, \u015bmietana<\/strong><\/p>\n\n\n\n<p><strong>Czwartek 16.04.2026<\/strong><\/p>\n\n\n\n<p><strong>I danie: zupa buraczkowa<\/strong><\/p>\n\n\n\n<p><strong>II danie : frytki z pieca, par\u00f3wka, kompot, owoc<\/strong><\/p>\n\n\n\n<p><strong>ALERGENY <\/strong><strong>:pszenica , seler, \u015bmietana<\/strong><\/p>\n\n\n\n<p><strong>Pi\u0105tek 17.04.2026<\/strong><\/p>\n\n\n\n<p><strong>I danie: zupa fasolowa<\/strong><\/p>\n\n\n\n<p><strong>II danie: paluszki rybne, ziemniaki, warzywa na<\/strong><\/p>\n\n\n\n<p><strong>parze, kompot<\/strong><\/p>\n\n\n\n<p><strong>ALERGENY<\/strong><strong> : pszenica , seler, ryba<\/strong><\/p>\n\n\n\n<p><strong>J<\/strong><strong>a<\/strong><strong>d<\/strong><strong>\u0142<\/strong><strong>o<\/strong><strong>s<\/strong><strong>p<\/strong><strong>i<\/strong><strong>s<\/strong><\/p>\n\n\n\n<p><strong>Poniedzia\u0142ek 20.04.2026<\/strong><\/p>\n\n\n\n<p><strong>I danie: zupa kapu\u015bniak<\/strong><\/p>\n\n\n\n<p><strong>II danie :gulasz wieprzowy z kasz\u0105, sa\u0142atka<\/strong><\/p>\n\n\n\n<p><strong>szwedzka, kompot<\/strong><\/p>\n\n\n\n<p><strong>ALERGENY<\/strong><strong> :pszenica , seler<\/strong><\/p>\n\n\n\n<p><strong>Wtorek 21.04.2026<\/strong><\/p>\n\n\n\n<p><strong>I danie: zupa ros\u00f3\u0142<\/strong><\/p>\n\n\n\n<p><strong>II danie: makaron z kie\u0142bas\u0105, owoc , kompot<\/strong><\/p>\n\n\n\n<p><strong>ALERGENY<\/strong><strong> :pszenica , seler<\/strong><\/p>\n\n\n\n<p><strong>\u015aroda 22.04.2026<\/strong><\/p>\n\n\n\n<p><strong>I danie: zupa og\u00f3rkowa<\/strong><\/p>\n\n\n\n<p><strong>II danie: kurczak pieczony, ziemniaki, sur\u00f3wka z buraczk\u00f3w kompot<\/strong><\/p>\n\n\n\n<p><strong>ALERGENY<\/strong><strong> :pszenica, seler, \u015bmietana<\/strong><\/p>\n\n\n\n<p><strong>Czwartek 23.04.2026<\/strong><\/p>\n\n\n\n<p><strong>I danie: zupa pieczarkowa<\/strong><\/p>\n\n\n\n<p><strong>II danie : ry\u017c z truskawkami i jogurtem, kompot<\/strong><\/p>\n\n\n\n<p><strong>ALERGENY<\/strong><strong>: pszenica , seler, jogurt \u015bmietana , mas\u0142o<\/strong><\/p>\n\n\n\n<p><strong>Pi\u0105tek 24.04.2026<\/strong><\/p>\n\n\n\n<p><strong>I danie: zupa ry\u017cowa z ziemniakami<\/strong><\/p>\n\n\n\n<p><strong>II danie : kotlet rybny, ziemniaki ,marchewka<\/strong><\/p>\n\n\n\n<p><strong>z groszkiem, kompot<\/strong><\/p>\n\n\n\n<p><strong>ALERGENY<\/strong><strong> : ryba .seler, pszenica<\/strong><\/p>\n\n\n\n<p><strong><em>SMACZNEGO<\/em><\/strong><\/p>\n","protected":false},"excerpt":{"rendered":"<p>Jad\u0142ospis Poniedzia\u0142ek 13.04.2026 I danie: zupa broku\u0142owa II danie :kotlet mielony, ziemniaki, sur\u00f3wka z kapusty czerwonej, kompot ALERGENY :pszenica ,mas\u0142o<\/p>\n","protected":false},"author":3,"featured_media":0,"parent":0,"menu_order":0,"comment_status":"closed","ping_status":"closed","template":"","meta":{"footnotes":""},"class_list":["post-723","page","type-page","status-publish","hentry","comments-off"],"_links":{"self":[{"href":"https:\/\/www.sp-kiwity.pl\/index.php?rest_route=\/wp\/v2\/pages\/723","targetHints":{"allow":["GET"]}}],"collection":[{"href":"https:\/\/www.sp-kiwity.pl\/index.php?rest_route=\/wp\/v2\/pages"}],"about":[{"href":"https:\/\/www.sp-kiwity.pl\/index.php?rest_route=\/wp\/v2\/types\/page"}],"author":[{"embeddable":true,"href":"https:\/\/www.sp-kiwity.pl\/index.php?rest_route=\/wp\/v2\/users\/3"}],"replies":[{"embeddable":true,"href":"https:\/\/www.sp-kiwity.pl\/index.php?rest_route=%2Fwp%2Fv2%2Fcomments&post=723"}],"version-history":[{"count":77,"href":"https:\/\/www.sp-kiwity.pl\/index.php?rest_route=\/wp\/v2\/pages\/723\/revisions"}],"predecessor-version":[{"id":3130,"href":"https:\/\/www.sp-kiwity.pl\/index.php?rest_route=\/wp\/v2\/pages\/723\/revisions\/3130"}],"wp:attachment":[{"href":"https:\/\/www.sp-kiwity.pl\/index.php?rest_route=%2Fwp%2Fv2%2Fmedia&parent=723"}],"curies":[{"name":"wp","href":"https:\/\/api.w.org\/{rel}","templated":true}]}}