{"id":77,"date":"2022-09-27T08:44:38","date_gmt":"2022-09-27T06:44:38","guid":{"rendered":"http:\/\/localhost\/wordpress\/?page_id=77"},"modified":"2026-03-30T11:29:03","modified_gmt":"2026-03-30T09:29:03","slug":"regulamin","status":"publish","type":"page","link":"https:\/\/www.sp-kiwity.pl\/?page_id=77","title":{"rendered":"Regulamin"},"content":{"rendered":"\n<ol class=\"wp-block-list\">\n<li><a rel=\"noreferrer noopener\" href=\"https:\/\/www.sp-kiwity.pl\/wp-content\/uploads\/2022\/11\/Regulamin-Dyzurow-Miedzylekcyjnych-kn78zf6q.pdf\" target=\"_blank\">Regulamin dy\u017cur\u00f3w mi\u0119dzylekcyjnych<\/a><\/li>\n\n\n\n<li><a rel=\"noreferrer noopener\" href=\"https:\/\/www.sp-kiwity.pl\/wp-content\/uploads\/2022\/11\/Wewnatrzszkolny-System-Doradztwa-Zawodowego-kn78zt5w.pdf\" target=\"_blank\">Wewn\u0105trzszkolny System Doradztwa Zawodowego<\/a><\/li>\n\n\n\n<li><a rel=\"noreferrer noopener\" href=\"https:\/\/www.sp-kiwity.pl\/wp-content\/uploads\/2022\/11\/Regulamin-wycieczek-szkolnych-i-innych-form-turystyki-kn78zhuk.pdf\" target=\"_blank\">Regulamin wycieczek szkolnych i innych form turystyki<\/a><\/li>\n\n\n\n<li>Regulamin sto\u0142\u00f3wki szkolnej<\/li>\n\n\n\n<li><a rel=\"noreferrer noopener\" href=\"https:\/\/www.sp-kiwity.pl\/wp-content\/uploads\/2022\/11\/Regulamin-Samorzadu-Uczniowskiego-kn78zgg5.pdf\" target=\"_blank\">Regulamin Samorz\u0105du Uczniowskiego<\/a><\/li>\n\n\n\n<li><a rel=\"noreferrer noopener\" href=\"https:\/\/www.sp-kiwity.pl\/wp-content\/uploads\/2022\/11\/Regulamin-biblioteki-szkolnej-kn78zeo7.pdf\" target=\"_blank\">Regulamin biblioteki szkolnej<\/a><\/li>\n\n\n\n<li><a rel=\"noreferrer noopener\" href=\"https:\/\/www.sp-kiwity.pl\/wp-content\/uploads\/2022\/11\/Reulamin-Placu-Zabaw-koe7qtr5.pdf\" target=\"_blank\">Regulamin placu zabaw<\/a><\/li>\n\n\n\n<li><a rel=\"noreferrer noopener\" href=\"https:\/\/www.sp-kiwity.pl\/wp-content\/uploads\/2022\/11\/Regulamin-monitoringu-wizyjnego-kn78zftc.pdf\" target=\"_blank\">Regulamin funkcjonowania, obs\u0142ugi i eksploatacji monitoringu wizyjnego na terenie Szko\u0142y<\/a><\/li>\n\n\n\n<li><a href=\"https:\/\/www.sp-kiwity.pl\/wp-content\/uploads\/2024\/11\/Regulamin-Pmocy-Zdrowotnej-dla-nauczycieli.pdf\" target=\"_blank\" rel=\"noreferrer noopener\">Regulamin pomocy zdrowotnej dla nauczycieli.<\/a><\/li>\n\n\n\n<li><a href=\"https:\/\/www.sp-kiwity.pl\/wp-content\/uploads\/2025\/06\/PROCEDURY-BEZPIECZENSTWA-dotyczace-pracy-swietlicy.pdf\">Procedury bezpiecze\u0144stwa dotycz\u0105ce pracy \u015bwietlicy.<\/a><\/li>\n<\/ol>\n\n\n\n<p><\/p>\n","protected":false},"excerpt":{"rendered":"","protected":false},"author":3,"featured_media":0,"parent":0,"menu_order":0,"comment_status":"closed","ping_status":"closed","template":"","meta":{"footnotes":""},"class_list":["post-77","page","type-page","status-publish","hentry","comments-off"],"_links":{"self":[{"href":"https:\/\/www.sp-kiwity.pl\/index.php?rest_route=\/wp\/v2\/pages\/77","targetHints":{"allow":["GET"]}}],"collection":[{"href":"https:\/\/www.sp-kiwity.pl\/index.php?rest_route=\/wp\/v2\/pages"}],"about":[{"href":"https:\/\/www.sp-kiwity.pl\/index.php?rest_route=\/wp\/v2\/types\/page"}],"author":[{"embeddable":true,"href":"https:\/\/www.sp-kiwity.pl\/index.php?rest_route=\/wp\/v2\/users\/3"}],"replies":[{"embeddable":true,"href":"https:\/\/www.sp-kiwity.pl\/index.php?rest_route=%2Fwp%2Fv2%2Fcomments&post=77"}],"version-history":[{"count":10,"href":"https:\/\/www.sp-kiwity.pl\/index.php?rest_route=\/wp\/v2\/pages\/77\/revisions"}],"predecessor-version":[{"id":3123,"href":"https:\/\/www.sp-kiwity.pl\/index.php?rest_route=\/wp\/v2\/pages\/77\/revisions\/3123"}],"wp:attachment":[{"href":"https:\/\/www.sp-kiwity.pl\/index.php?rest_route=%2Fwp%2Fv2%2Fmedia&parent=77"}],"curies":[{"name":"wp","href":"https:\/\/api.w.org\/{rel}","templated":true}]}}