{"id":93,"date":"2022-09-27T14:12:41","date_gmt":"2022-09-27T12:12:41","guid":{"rendered":"http:\/\/localhost\/wordpress\/?page_id=93"},"modified":"2022-10-12T12:35:40","modified_gmt":"2022-10-12T10:35:40","slug":"hymn-szkoly","status":"publish","type":"page","link":"https:\/\/www.sp-kiwity.pl\/?page_id=93","title":{"rendered":"Hymn szko\u0142y"},"content":{"rendered":"\n<p style=\"line-height:1\">1. Nie ka\u017cdy dzie\u0144 przynosi marzenia<\/p>\n\n\n\n<p style=\"line-height:1\">nie ka\u017cdy dzie\u0144 mo\u017ce ci szcz\u0119\u015bcie da\u0107<\/p>\n\n\n\n<p style=\"line-height:1\">ale \u015bmia\u0142o po wygran\u0105 biegnij<\/p>\n\n\n\n<p style=\"line-height:1\">&nbsp;&nbsp;&nbsp;&nbsp;&nbsp;&nbsp;&nbsp;&nbsp; Biegnij po sukces jak wiatr.<\/p>\n\n\n\n<p style=\"line-height:1\"><em>Ref:<\/em><\/p>\n\n\n\n<p style=\"line-height:1\">Niech olimpijski p\u0142omie\u0144<\/p>\n\n\n\n<p style=\"line-height:1\">Uniesie serca do gwiazd<\/p>\n\n\n\n<p style=\"line-height:1\">&nbsp; Przysz\u0142o\u015b\u0107 jest w naszych d\u0142oniach<\/p>\n\n\n\n<p style=\"line-height:1\">\u00a0 Ka\u017cdy z nas mo\u017ce wielkim si\u0119 sta\u0107.<\/p>\n\n\n\n<p style=\"line-height:1\"><br>2. Czasami kto\u015b zabiegnie Ci drog\u0119<\/p>\n\n\n\n<p style=\"line-height:1\">Czasami co\u015b w \u017cyciu p\u00f3jdzie nie tak<\/p>\n\n\n\n<p style=\"line-height:1\">Ty z honorem podnie\u015b \u015bmia\u0142o g\u0142ow\u0119<\/p>\n\n\n\n<p style=\"line-height:1\">Do walki sta\u0144 jeszcze raz.<\/p>\n\n\n\n<p style=\"line-height:1\"><em>Ref.<\/em><\/p>\n\n\n\n<p style=\"line-height:1\"> <p style=\"line-height:1\">Niech olimpijski p\u0142omie\u0144<span style=\"font-size: inherit; color: var(--text-color); font-family: var(--text-font);\">   <\/span><\/p><p style=\"line-height:1\">Uniesie serca do gwiazd<span style=\"font-size: inherit; color: var(--text-color); font-family: var(--text-font);\">   <\/span><\/p><p style=\"line-height:1\">\u00a0 Przysz\u0142o\u015b\u0107 jest w naszych d\u0142oniach<span style=\"font-size: inherit; color: var(--text-color); font-family: var(--text-font);\">   <\/span><\/p><p style=\"line-height:1\">\u00a0 Ka\u017cdy z nas mo\u017ce wielkim si\u0119 sta\u0107.<span style=\"font-size: inherit; color: var(--text-color); font-family: var(--text-font);\"> <\/span><\/p><\/p>\n\n\n\n<p style=\"line-height:1\"><br>3. Jak uczy\u0107 si\u0119 mistrzostwa bez granic<\/p>\n\n\n\n<p style=\"line-height:1\">Pozna\u0107 jak sport nas otwiera na \u015bwiat<\/p>\n\n\n\n<p style=\"line-height:1\">T\u0119 odpowied\u017a znajdziesz w szkole dzisiaj<\/p>\n\n\n\n<p style=\"line-height:1\">Olimpijski \u0142\u0105czy nas znak.<\/p>\n","protected":false},"excerpt":{"rendered":"<p>1. Nie ka\u017cdy dzie\u0144 przynosi marzenia nie ka\u017cdy dzie\u0144 mo\u017ce ci szcz\u0119\u015bcie da\u0107 ale \u015bmia\u0142o po wygran\u0105 biegnij &nbsp;&nbsp;&nbsp;&nbsp;&nbsp;&nbsp;&nbsp;&nbsp; Biegnij<\/p>\n","protected":false},"author":3,"featured_media":0,"parent":0,"menu_order":0,"comment_status":"closed","ping_status":"closed","template":"","meta":{"footnotes":""},"class_list":["post-93","page","type-page","status-publish","hentry","comments-off"],"_links":{"self":[{"href":"https:\/\/www.sp-kiwity.pl\/index.php?rest_route=\/wp\/v2\/pages\/93","targetHints":{"allow":["GET"]}}],"collection":[{"href":"https:\/\/www.sp-kiwity.pl\/index.php?rest_route=\/wp\/v2\/pages"}],"about":[{"href":"https:\/\/www.sp-kiwity.pl\/index.php?rest_route=\/wp\/v2\/types\/page"}],"author":[{"embeddable":true,"href":"https:\/\/www.sp-kiwity.pl\/index.php?rest_route=\/wp\/v2\/users\/3"}],"replies":[{"embeddable":true,"href":"https:\/\/www.sp-kiwity.pl\/index.php?rest_route=%2Fwp%2Fv2%2Fcomments&post=93"}],"version-history":[{"count":10,"href":"https:\/\/www.sp-kiwity.pl\/index.php?rest_route=\/wp\/v2\/pages\/93\/revisions"}],"predecessor-version":[{"id":315,"href":"https:\/\/www.sp-kiwity.pl\/index.php?rest_route=\/wp\/v2\/pages\/93\/revisions\/315"}],"wp:attachment":[{"href":"https:\/\/www.sp-kiwity.pl\/index.php?rest_route=%2Fwp%2Fv2%2Fmedia&parent=93"}],"curies":[{"name":"wp","href":"https:\/\/api.w.org\/{rel}","templated":true}]}}